{"id":25,"date":"2025-05-05T17:22:35","date_gmt":"2025-05-05T17:22:35","guid":{"rendered":"https:\/\/consultecadm.com.mx\/?page_id=25"},"modified":"2025-05-07T16:38:13","modified_gmt":"2025-05-07T16:38:13","slug":"25-2","status":"publish","type":"page","link":"https:\/\/consultecadm.com.mx\/","title":{"rendered":"Inicio"},"content":{"rendered":"\n<h1 class=\"wp-block-heading has-text-align-center has-x-large-font-size\">Consultor\u00eda Especializada para Empresas<\/h1>\n\n\n\n<h2 class=\"wp-block-heading has-text-align-center\">Crecer tu negocio de forma ordenada y sostenible en el tiempo<\/h2>\n\n\n\n<p class=\"has-text-align-center\">Contamos con  Economistas y M\u00e1sters en Finanzas con varios a\u00f1os de experiencia, aprendimos que el \u00e9xito de una organizaci\u00f3n depende tanto de estrategias financieras como de la transformaci\u00f3n de sus l\u00edderes.<\/p>\n\n\n\n<p>Estamos aqu\u00ed para ayudarte a construir una empresa m\u00e1s s\u00f3lida y rentable, trabajando juntos para alcanzar tus objetivos de manera eficiente.<\/p>\n\n\n\n<figure class=\"wp-block-image aligncenter size-full is-resized\"><img loading=\"lazy\" decoding=\"async\" width=\"298\" height=\"169\" src=\"https:\/\/consultecadm.com.mx\/wp-content\/uploads\/2025\/05\/image.png\" alt=\"\" class=\"wp-image-31\" style=\"width:368px;height:auto\"\/><\/figure>\n\n\n\n<h2 class=\"wp-block-heading\">Conoce m\u00e1s sobre las&nbsp;estrategias&nbsp;y&nbsp;coaching&nbsp;que ofrezco<\/h2>\n\n\n\n<p>Nuestro Personal de Negocios me permite colaborar con emprendedores, brind\u00e1ndoles las herramientas necesarias para lograr sus objetivos y potenciar sus habilidades de liderazgo. Conoce m\u00e1s con mis videos para l\u00edderes empresariales.<\/p>\n\n\n\n<figure class=\"wp-block-image aligncenter size-full is-resized\"><img loading=\"lazy\" decoding=\"async\" width=\"284\" height=\"177\" src=\"https:\/\/consultecadm.com.mx\/wp-content\/uploads\/2025\/05\/image-2.png\" alt=\"\" class=\"wp-image-39\" style=\"width:400px;height:auto\"\/><\/figure>\n\n\n\n<p>La consultor\u00eda administrativa es un&nbsp;<mark>servicio profesional que ayuda a las empresas a mejorar su eficiencia y rendimiento a trav\u00e9s de la asesor\u00eda y la orientaci\u00f3n en \u00e1reas como la gesti\u00f3n, organizaci\u00f3n, y procesos administrativos<\/mark>.&nbsp;Ofrece soluciones personalizadas a problemas espec\u00edficos, optimizando la toma de decisiones y mejorando la calidad de los servicios<\/p>\n\n\n\n<p><\/p>\n\n\n\n<div class=\"wp-block-stackable-columns alignwide stk-block-columns stk-block stk-8c9c1af\" data-block-id=\"8c9c1af\"><style>.stk-8c9c1af {padding-top:80px !important;padding-bottom:80px !important;}<\/style><div class=\"stk-row stk-inner-blocks stk-block-content stk-content-align stk-8c9c1af-column alignwide\">\n<div class=\"wp-block-stackable-column stk-block-column stk-column stk-block stk-5f9f2d0\" data-v=\"4\" data-block-id=\"5f9f2d0\"><div class=\"stk-column-wrapper stk-block-column__content stk-container stk-5f9f2d0-container stk--no-background stk--no-padding\"><div class=\"stk-block-content stk-inner-blocks stk-5f9f2d0-inner-blocks\">\n<div class=\"wp-block-stackable-text stk-block-text stk-block stk-61e48b9\" data-block-id=\"61e48b9\"><style>.stk-61e48b9 {margin-bottom:48px !important;}<\/style><p class=\"stk-block-text__text has-text-align-center\"><\/p><\/div>\n\n\n\n<div class=\"wp-block-stackable-columns stk-block-columns stk-block stk-cda51d0\" data-block-id=\"cda51d0\"><style>@media screen and (max-width:999px){.stk-cda51d0-column{row-gap:48px !important;}}<\/style><div class=\"stk-row stk-inner-blocks stk-block-content stk-content-align stk-cda51d0-column\">\n<div class=\"wp-block-stackable-column stk-block-column stk-column stk-block stk-60be64e\" data-v=\"4\" data-block-id=\"60be64e\"><style>.stk-60be64e-inner-blocks{justify-content:center !important;}.stk-60be64e-container{display:flex !important;}@media screen and (min-width:690px){.stk-60be64e {flex:var(--stk-flex-grow, 1) 1 25% !important;}}@media screen and (min-width:690px) and (max-width:999px){.stk-60be64e {flex:var(--stk-flex-grow, 1) 1 calc(100% - var(--stk-column-gap, 0px) * 0 \/ 1 ) !important;}}<\/style><div class=\"stk-column-wrapper stk-block-column__content stk-container stk-60be64e-container stk--no-background stk--no-padding\"><div class=\"stk-block-content stk-inner-blocks stk-60be64e-inner-blocks\">\n<div class=\"wp-block-stackable-icon-box stk-block-icon-box stk-block stk-5065751\" data-v=\"2\" data-block-id=\"5065751\"><div class=\"stk-block-content stk-inner-blocks stk-block-icon-box__content stk-container stk-5065751-container stk--no-background stk--no-padding\">\n<div class=\"wp-block-stackable-icon-label stk-block-icon-label stk-block stk-e29b430\" data-block-id=\"e29b430\"><div class=\"stk-row stk-inner-blocks stk-block-content\">\n<div class=\"wp-block-stackable-icon stk-block-icon has-text-align-left stk-block stk-0bf110d\" data-block-id=\"0bf110d\"><span class=\"stk--svg-wrapper\"><div class=\"stk--inner-svg\"><svg style=\"height:0;width:0\"><defs><linearGradient id=\"linear-gradient-0bf110d\" x1=\"0\" x2=\"100%\" y1=\"0\" y2=\"0\"><stop offset=\"0%\" style=\"stop-opacity:1;stop-color:var(--linear-gradient-0-bf-110-d-color-1)\"><\/stop><stop offset=\"100%\" style=\"stop-opacity:1;stop-color:var(--linear-gradient-0-bf-110-d-color-2)\"><\/stop><\/linearGradient><\/defs><\/svg><svg data-prefix=\"fa\" data-icon=\"star\" class=\"svg-inline--fa fa-star fa-w-18\" xmlns=\"http:\/\/www.w3.org\/2000\/svg\" viewBox=\"0 0 576 512\" aria-hidden=\"true\" width=\"32\" height=\"32\"><path fill=\"currentColor\" d=\"M259.3 17.8L194 150.2 47.9 171.5c-26.2 3.8-36.7 36.1-17.7 54.6l105.7 103-25 145.5c-4.5 26.3 23.2 46 46.4 33.7L288 439.6l130.7 68.7c23.2 12.2 50.9-7.4 46.4-33.7l-25-145.5 105.7-103c19-18.5 8.5-50.8-17.7-54.6L382 150.2 316.7 17.8c-11.7-23.6-45.6-23.9-57.4 0z\"><\/path><\/svg><\/div><\/span><\/div>\n\n\n\n<div class=\"wp-block-stackable-heading stk-block-heading stk-block-heading--v2 stk-block stk-9226d29\" id=\"strong-asesoria-y-orientacion-strong\" data-block-id=\"9226d29\"><h4 class=\"stk-block-heading__text\"><strong>Asesor\u00eda y orientaci\u00f3n:<\/strong><\/h4><\/div>\n<\/div><\/div>\n\n\n\n<div class=\"wp-block-stackable-text stk-block-text stk-block stk-9f1ceef\" data-block-id=\"9f1ceef\"><p class=\"stk-block-text__text\">Los consultores administrativos proporcionan conocimientos y experiencia para guiar a las empresas en la identificaci\u00f3n y soluci\u00f3n de problemas.<\/p><\/div>\n<\/div><\/div>\n\n\n\n<div class=\"wp-block-stackable-icon-box stk-block-icon-box stk-block stk-3bdd02a\" data-v=\"2\" data-block-id=\"3bdd02a\"><div class=\"stk-block-content stk-inner-blocks stk-block-icon-box__content stk-container stk-3bdd02a-container stk--no-background stk--no-padding\">\n<div class=\"wp-block-stackable-icon-label stk-block-icon-label stk-block stk-b86031c\" data-block-id=\"b86031c\"><div class=\"stk-row stk-inner-blocks stk-block-content\">\n<div class=\"wp-block-stackable-icon stk-block-icon has-text-align-left stk-block stk-6667b39\" data-block-id=\"6667b39\"><span class=\"stk--svg-wrapper\"><div class=\"stk--inner-svg\"><svg style=\"height:0;width:0\"><defs><linearGradient id=\"linear-gradient-6667b39\" x1=\"0\" x2=\"100%\" y1=\"0\" y2=\"0\"><stop offset=\"0%\" style=\"stop-opacity:1;stop-color:var(--linear-gradient-6667-b-39-color-1)\"><\/stop><stop offset=\"100%\" style=\"stop-opacity:1;stop-color:var(--linear-gradient-6667-b-39-color-2)\"><\/stop><\/linearGradient><\/defs><\/svg><svg data-prefix=\"fa\" data-icon=\"star\" class=\"svg-inline--fa fa-star fa-w-18\" xmlns=\"http:\/\/www.w3.org\/2000\/svg\" viewBox=\"0 0 576 512\" aria-hidden=\"true\" width=\"32\" height=\"32\"><path fill=\"currentColor\" d=\"M259.3 17.8L194 150.2 47.9 171.5c-26.2 3.8-36.7 36.1-17.7 54.6l105.7 103-25 145.5c-4.5 26.3 23.2 46 46.4 33.7L288 439.6l130.7 68.7c23.2 12.2 50.9-7.4 46.4-33.7l-25-145.5 105.7-103c19-18.5 8.5-50.8-17.7-54.6L382 150.2 316.7 17.8c-11.7-23.6-45.6-23.9-57.4 0z\"><\/path><\/svg><\/div><\/span><\/div>\n\n\n\n<div class=\"wp-block-stackable-heading stk-block-heading stk-block-heading--v2 stk-block stk-b55b7c4\" id=\"strong-optimizacion-de-procesos-strong\" data-block-id=\"b55b7c4\"><h4 class=\"stk-block-heading__text\"><strong>Optimizaci\u00f3n de procesos:<\/strong><\/h4><\/div>\n<\/div><\/div>\n\n\n\n<div class=\"wp-block-stackable-text stk-block-text stk-block stk-0c87719\" data-block-id=\"0c87719\"><p class=\"stk-block-text__text\">Ayudan a mejorar la eficiencia de los procesos administrativos, como la organizaci\u00f3n de documentaci\u00f3n, la planificaci\u00f3n de tr\u00e1mites, y la implementaci\u00f3n de sistemas de gesti\u00f3n.<\/p><\/div>\n<\/div><\/div>\n\n\n\n<div class=\"wp-block-stackable-icon-box stk-block-icon-box stk-block stk-19f2d6b\" data-v=\"2\" data-block-id=\"19f2d6b\"><div class=\"stk-block-content stk-inner-blocks stk-block-icon-box__content stk-container stk-19f2d6b-container stk--no-background stk--no-padding\">\n<div class=\"wp-block-stackable-icon-label stk-block-icon-label stk-block stk-3554271\" data-block-id=\"3554271\"><div class=\"stk-row stk-inner-blocks stk-block-content\">\n<div class=\"wp-block-stackable-icon stk-block-icon has-text-align-left stk-block stk-d4131f0\" data-block-id=\"d4131f0\"><span class=\"stk--svg-wrapper\"><div class=\"stk--inner-svg\"><svg style=\"height:0;width:0\"><defs><linearGradient id=\"linear-gradient-d4131f0\" x1=\"0\" x2=\"100%\" y1=\"0\" y2=\"0\"><stop offset=\"0%\" style=\"stop-opacity:1;stop-color:var(--linear-gradient-d-4131-f-0-color-1)\"><\/stop><stop offset=\"100%\" style=\"stop-opacity:1;stop-color:var(--linear-gradient-d-4131-f-0-color-2)\"><\/stop><\/linearGradient><\/defs><\/svg><svg data-prefix=\"fa\" data-icon=\"star\" class=\"svg-inline--fa fa-star fa-w-18\" xmlns=\"http:\/\/www.w3.org\/2000\/svg\" viewBox=\"0 0 576 512\" aria-hidden=\"true\" width=\"32\" height=\"32\"><path fill=\"currentColor\" d=\"M259.3 17.8L194 150.2 47.9 171.5c-26.2 3.8-36.7 36.1-17.7 54.6l105.7 103-25 145.5c-4.5 26.3 23.2 46 46.4 33.7L288 439.6l130.7 68.7c23.2 12.2 50.9-7.4 46.4-33.7l-25-145.5 105.7-103c19-18.5 8.5-50.8-17.7-54.6L382 150.2 316.7 17.8c-11.7-23.6-45.6-23.9-57.4 0z\"><\/path><\/svg><\/div><\/span><\/div>\n\n\n\n<div class=\"wp-block-stackable-heading stk-block-heading stk-block-heading--v2 stk-block stk-4491ebe\" id=\"strong-diagnostico-y-analisis-strong\" data-block-id=\"4491ebe\"><h4 class=\"stk-block-heading__text\"><strong>Diagn\u00f3stico y an\u00e1lisis:<\/strong><\/h4><\/div>\n<\/div><\/div>\n\n\n\n<div class=\"wp-block-stackable-text stk-block-text stk-block stk-10fac7d\" data-block-id=\"10fac7d\"><p class=\"stk-block-text__text\">Realizan evaluaciones detalladas de la situaci\u00f3n de la empresa para identificar \u00e1reas de mejora y necesidades espec\u00edficas.<\/p><\/div>\n<\/div><\/div>\n<\/div><\/div><\/div>\n\n\n\n<div class=\"wp-block-stackable-column stk-block-column stk-column stk-block stk-79d20a4\" data-v=\"4\" data-block-id=\"79d20a4\"><style>.stk-79d20a4-inner-blocks{justify-content:center !important;}.stk-79d20a4-container{display:flex !important;}@media screen and (min-width:690px){.stk-79d20a4 {flex:var(--stk-flex-grow, 1) 1 50% !important;}}@media screen and (min-width:690px) and (max-width:999px){.stk-79d20a4 {flex:var(--stk-flex-grow, 1) 1 calc(100% - var(--stk-column-gap, 0px) * 0 \/ 1 ) !important;}}<\/style><div class=\"stk-column-wrapper stk-block-column__content stk-container stk-79d20a4-container stk--no-background stk--no-padding\"><div class=\"stk-block-content stk-inner-blocks stk-79d20a4-inner-blocks\">\n<figure class=\"wp-block-image alignwide size-full\"><img loading=\"lazy\" decoding=\"async\" width=\"650\" height=\"332\" src=\"https:\/\/consultecadm.com.mx\/wp-content\/uploads\/2025\/05\/image-3.png\" alt=\"\" class=\"wp-image-57\" srcset=\"https:\/\/consultecadm.com.mx\/wp-content\/uploads\/2025\/05\/image-3.png 650w, https:\/\/consultecadm.com.mx\/wp-content\/uploads\/2025\/05\/image-3-300x153.png 300w\" sizes=\"auto, (max-width: 650px) 100vw, 650px\" \/><\/figure>\n<\/div><\/div><\/div>\n\n\n\n<div class=\"wp-block-stackable-column stk-block-column stk-column stk-block stk-d8bdf47\" data-v=\"4\" data-block-id=\"d8bdf47\"><style>.stk-d8bdf47-inner-blocks{justify-content:center !important;}.stk-d8bdf47-container{display:flex !important;}@media screen and (min-width:690px){.stk-d8bdf47 {flex:var(--stk-flex-grow, 1) 1 25% !important;}}@media screen and (min-width:690px) and (max-width:999px){.stk-d8bdf47 {flex:var(--stk-flex-grow, 1) 1 calc(100% - var(--stk-column-gap, 0px) * 0 \/ 1 ) !important;}}<\/style><div class=\"stk-column-wrapper stk-block-column__content stk-container stk-d8bdf47-container stk--no-background stk--no-padding\"><div class=\"stk-block-content stk-inner-blocks stk-d8bdf47-inner-blocks\">\n<div class=\"wp-block-stackable-icon-box stk-block-icon-box stk-block stk-df7cb05\" data-v=\"2\" data-block-id=\"df7cb05\"><div class=\"stk-block-content stk-inner-blocks stk-block-icon-box__content stk-container stk-df7cb05-container stk--no-background stk--no-padding\">\n<div class=\"wp-block-stackable-icon-label stk-block-icon-label stk-block stk-c9e0e96\" data-block-id=\"c9e0e96\"><div class=\"stk-row stk-inner-blocks stk-block-content\">\n<div class=\"wp-block-stackable-icon stk-block-icon has-text-align-left stk-block stk-0d5bb26\" data-block-id=\"0d5bb26\"><span class=\"stk--svg-wrapper\"><div class=\"stk--inner-svg\"><svg style=\"height:0;width:0\"><defs><linearGradient id=\"linear-gradient-0d5bb26\" x1=\"0\" x2=\"100%\" y1=\"0\" y2=\"0\"><stop offset=\"0%\" style=\"stop-opacity:1;stop-color:var(--linear-gradient-0-d-5-bb-26-color-1)\"><\/stop><stop offset=\"100%\" style=\"stop-opacity:1;stop-color:var(--linear-gradient-0-d-5-bb-26-color-2)\"><\/stop><\/linearGradient><\/defs><\/svg><svg data-prefix=\"fa\" data-icon=\"star\" class=\"svg-inline--fa fa-star fa-w-18\" xmlns=\"http:\/\/www.w3.org\/2000\/svg\" viewBox=\"0 0 576 512\" aria-hidden=\"true\" width=\"32\" height=\"32\"><path fill=\"currentColor\" d=\"M259.3 17.8L194 150.2 47.9 171.5c-26.2 3.8-36.7 36.1-17.7 54.6l105.7 103-25 145.5c-4.5 26.3 23.2 46 46.4 33.7L288 439.6l130.7 68.7c23.2 12.2 50.9-7.4 46.4-33.7l-25-145.5 105.7-103c19-18.5 8.5-50.8-17.7-54.6L382 150.2 316.7 17.8c-11.7-23.6-45.6-23.9-57.4 0z\"><\/path><\/svg><\/div><\/span><\/div>\n\n\n\n<div class=\"wp-block-stackable-heading stk-block-heading stk-block-heading--v2 stk-block stk-d009d59\" id=\"strong-solucion-de-problemas-strong\" data-block-id=\"d009d59\"><h4 class=\"stk-block-heading__text\"><strong>Soluci\u00f3n de problemas:<\/strong><\/h4><\/div>\n<\/div><\/div>\n\n\n\n<div class=\"wp-block-stackable-text stk-block-text stk-block stk-2aebbff\" data-block-id=\"2aebbff\"><p class=\"stk-block-text__text\">Ofrecen soluciones personalizadas y estrategias para abordar problemas concretos que puedan estar afectando el desempe\u00f1o de la empresa.<\/p><\/div>\n<\/div><\/div>\n\n\n\n<div class=\"wp-block-stackable-icon-box stk-block-icon-box stk-block stk-d1deaa0\" data-v=\"2\" data-block-id=\"d1deaa0\"><div class=\"stk-block-content stk-inner-blocks stk-block-icon-box__content stk-container stk-d1deaa0-container stk--no-background stk--no-padding\">\n<div class=\"wp-block-stackable-icon-label stk-block-icon-label stk-block stk-7ba5970\" data-block-id=\"7ba5970\"><div class=\"stk-row stk-inner-blocks stk-block-content\">\n<div class=\"wp-block-stackable-icon stk-block-icon has-text-align-left stk-block stk-019c37d\" data-block-id=\"019c37d\"><span class=\"stk--svg-wrapper\"><div class=\"stk--inner-svg\"><svg style=\"height:0;width:0\"><defs><linearGradient id=\"linear-gradient-019c37d\" x1=\"0\" x2=\"100%\" y1=\"0\" y2=\"0\"><stop offset=\"0%\" style=\"stop-opacity:1;stop-color:var(--linear-gradient-019-c-37-d-color-1)\"><\/stop><stop offset=\"100%\" style=\"stop-opacity:1;stop-color:var(--linear-gradient-019-c-37-d-color-2)\"><\/stop><\/linearGradient><\/defs><\/svg><svg data-prefix=\"fa\" data-icon=\"star\" class=\"svg-inline--fa fa-star fa-w-18\" xmlns=\"http:\/\/www.w3.org\/2000\/svg\" viewBox=\"0 0 576 512\" aria-hidden=\"true\" width=\"32\" height=\"32\"><path fill=\"currentColor\" d=\"M259.3 17.8L194 150.2 47.9 171.5c-26.2 3.8-36.7 36.1-17.7 54.6l105.7 103-25 145.5c-4.5 26.3 23.2 46 46.4 33.7L288 439.6l130.7 68.7c23.2 12.2 50.9-7.4 46.4-33.7l-25-145.5 105.7-103c19-18.5 8.5-50.8-17.7-54.6L382 150.2 316.7 17.8c-11.7-23.6-45.6-23.9-57.4 0z\"><\/path><\/svg><\/div><\/span><\/div>\n\n\n\n<div class=\"wp-block-stackable-heading stk-block-heading stk-block-heading--v2 stk-block stk-606e2da\" id=\"strong-mejora-de-la-calidad-de-los-servicios-strong\" data-block-id=\"606e2da\"><h4 class=\"stk-block-heading__text\"><strong>Mejora de la calidad de los servicios:<\/strong><\/h4><\/div>\n<\/div><\/div>\n\n\n\n<div class=\"wp-block-stackable-text stk-block-text stk-block stk-ca22b6e\" data-block-id=\"ca22b6e\"><p class=\"stk-block-text__text\">Ayudan a las empresas a mejorar la calidad de sus productos y servicios, lo que se traduce en mayor satisfacci\u00f3n del cliente y competitividad en el mercado.\u00a0<\/p><\/div>\n<\/div><\/div>\n\n\n\n<div class=\"wp-block-stackable-icon-box stk-block-icon-box stk-block stk-b5ec4ba\" data-v=\"2\" data-block-id=\"b5ec4ba\"><div class=\"stk-block-content stk-inner-blocks stk-block-icon-box__content stk-container stk-b5ec4ba-container stk--no-background stk--no-padding\">\n<div class=\"wp-block-stackable-icon-label stk-block-icon-label stk-block stk-74d8ab9\" data-block-id=\"74d8ab9\"><div class=\"stk-row stk-inner-blocks stk-block-content\">\n<div class=\"wp-block-stackable-icon stk-block-icon has-text-align-left stk-block stk-69e97b6\" data-block-id=\"69e97b6\"><span class=\"stk--svg-wrapper\"><div class=\"stk--inner-svg\"><svg style=\"height:0;width:0\"><defs><linearGradient id=\"linear-gradient-69e97b6\" x1=\"0\" x2=\"100%\" y1=\"0\" y2=\"0\"><stop offset=\"0%\" style=\"stop-opacity:1;stop-color:var(--linear-gradient-69-e-97-b-6-color-1)\"><\/stop><stop offset=\"100%\" style=\"stop-opacity:1;stop-color:var(--linear-gradient-69-e-97-b-6-color-2)\"><\/stop><\/linearGradient><\/defs><\/svg><svg data-prefix=\"fa\" data-icon=\"star\" class=\"svg-inline--fa fa-star fa-w-18\" xmlns=\"http:\/\/www.w3.org\/2000\/svg\" viewBox=\"0 0 576 512\" aria-hidden=\"true\" width=\"32\" height=\"32\"><path fill=\"currentColor\" d=\"M259.3 17.8L194 150.2 47.9 171.5c-26.2 3.8-36.7 36.1-17.7 54.6l105.7 103-25 145.5c-4.5 26.3 23.2 46 46.4 33.7L288 439.6l130.7 68.7c23.2 12.2 50.9-7.4 46.4-33.7l-25-145.5 105.7-103c19-18.5 8.5-50.8-17.7-54.6L382 150.2 316.7 17.8c-11.7-23.6-45.6-23.9-57.4 0z\"><\/path><\/svg><\/div><\/span><\/div>\n\n\n\n<div class=\"wp-block-stackable-heading stk-block-heading stk-block-heading--v2 stk-block stk-fef81f5\" data-block-id=\"fef81f5\"><h4 class=\"stk-block-heading__text\"><\/h4><\/div>\n<\/div><\/div>\n\n\n\n<div class=\"wp-block-stackable-text stk-block-text stk-block stk-b905051\" data-block-id=\"b905051\"><p class=\"stk-block-text__text\"><\/p><\/div>\n<\/div><\/div>\n<\/div><\/div><\/div>\n<\/div><\/div>\n<\/div><\/div><\/div>\n<\/div><\/div>\n","protected":false},"excerpt":{"rendered":"<p>Consultor\u00eda Especializada para Empresas Crecer tu negocio de forma ordenada y sostenible en el tiempo Contamos con Economistas y M\u00e1sters en Finanzas con varios a\u00f1os de experiencia, aprendimos que el \u00e9xito de una organizaci\u00f3n depende tanto de estrategias financieras como de la transformaci\u00f3n de sus l\u00edderes. Estamos aqu\u00ed para ayudarte a construir una empresa m\u00e1s [&hellip;]<\/p>\n","protected":false},"author":1,"featured_media":0,"parent":0,"menu_order":0,"comment_status":"closed","ping_status":"closed","template":"","meta":{"footnotes":""},"class_list":["post-25","page","type-page","status-publish","hentry"],"blocksy_meta":{"has_hero_section":"disabled","styles_descriptor":{"styles":{"desktop":"","tablet":"","mobile":""},"google_fonts":[],"version":6}},"_links":{"self":[{"href":"https:\/\/consultecadm.com.mx\/index.php\/wp-json\/wp\/v2\/pages\/25","targetHints":{"allow":["GET"]}}],"collection":[{"href":"https:\/\/consultecadm.com.mx\/index.php\/wp-json\/wp\/v2\/pages"}],"about":[{"href":"https:\/\/consultecadm.com.mx\/index.php\/wp-json\/wp\/v2\/types\/page"}],"author":[{"embeddable":true,"href":"https:\/\/consultecadm.com.mx\/index.php\/wp-json\/wp\/v2\/users\/1"}],"replies":[{"embeddable":true,"href":"https:\/\/consultecadm.com.mx\/index.php\/wp-json\/wp\/v2\/comments?post=25"}],"version-history":[{"count":16,"href":"https:\/\/consultecadm.com.mx\/index.php\/wp-json\/wp\/v2\/pages\/25\/revisions"}],"predecessor-version":[{"id":60,"href":"https:\/\/consultecadm.com.mx\/index.php\/wp-json\/wp\/v2\/pages\/25\/revisions\/60"}],"wp:attachment":[{"href":"https:\/\/consultecadm.com.mx\/index.php\/wp-json\/wp\/v2\/media?parent=25"}],"curies":[{"name":"wp","href":"https:\/\/api.w.org\/{rel}","templated":true}]}}