{"id":11,"date":"2025-05-05T17:11:42","date_gmt":"2025-05-05T17:11:42","guid":{"rendered":"https:\/\/consultecadm.com.mx\/?page_id=11"},"modified":"2025-05-08T16:39:04","modified_gmt":"2025-05-08T16:39:04","slug":"nosotros","status":"publish","type":"page","link":"https:\/\/consultecadm.com.mx\/index.php\/nosotros\/","title":{"rendered":"Nosotros"},"content":{"rendered":"\n<h3 class=\"wp-block-heading\"><strong>Nosotros<\/strong><\/h3>\n\n\n\n<p>Somos una consultor\u00eda administrativa y damos \u00a0<strong>asesor\u00eda<\/strong>\u00a0para que una\u00a0<strong>empresa<\/strong>\u00a0pueda mejorar sus capacidades y funcionamiento de manera beneficiosa. Esta busca solucionar necesidades o problemas determinados de una empresa, instituci\u00f3n o entidad y mejorar la calidad de\u00a0<strong>servicios<\/strong>. En consecuencia, lo\u00a0<strong>que es la consultor\u00eda administrativa<\/strong>\u00a0implementa sistemas y m\u00e9todos nuevos para mejorar el\u00a0<strong>desarrollo organizacional<\/strong>.<\/p>\n\n\n\n<p>Generalmente, las empresas buscan especialistas en la&nbsp;<strong>consultor\u00eda empresarial<\/strong>&nbsp;como&nbsp;<strong>contables<\/strong>&nbsp;para dar freno a problemas que se generan en ellas. De este modo, ahorrar\u00edan tiempo debido a que las corporaciones no cuentan con personal capacitado para esta \u00e1rea que atiende un asesor particular.<\/p>\n\n\n\n<figure class=\"wp-block-image aligncenter size-full\"><img loading=\"lazy\" decoding=\"async\" width=\"500\" height=\"280\" src=\"https:\/\/consultecadm.com.mx\/wp-content\/uploads\/2025\/05\/image-5.png\" alt=\"\" class=\"wp-image-85\" srcset=\"https:\/\/consultecadm.com.mx\/wp-content\/uploads\/2025\/05\/image-5.png 500w, https:\/\/consultecadm.com.mx\/wp-content\/uploads\/2025\/05\/image-5-300x168.png 300w\" sizes=\"auto, (max-width: 500px) 100vw, 500px\" \/><\/figure>\n\n\n\n<h4 class=\"wp-block-heading\"><strong>Caracter\u00edsticas de la consultor\u00eda administrativa<\/strong><\/h4>\n\n\n\n<ul class=\"wp-block-list\">\n<li>Vela por el crecimiento de la empresa.<\/li>\n\n\n\n<li>Se realiza cada cierto periodo de tiempo.<\/li>\n\n\n\n<li>Aumenta la productividad y reduce costos.<\/li>\n\n\n\n<li>Controla y administra los procesos productivos.<\/li>\n<\/ul>\n\n\n\n<h4 class=\"wp-block-heading\"><strong>\u00bfQu\u00e9 es la auditoria administrativa?<\/strong><\/h4>\n\n\n\n<p>Se conoce como la evaluaci\u00f3n que hace un&nbsp;<strong>auditor&nbsp;<\/strong>para verificar si se est\u00e1 respetando las normas en los procesos de una instituci\u00f3n, empresa, corporaci\u00f3n o entidad estadal. El objetivo de la auditoria empresarial es mejorar todo los procesos empresariales, conseguir las debilidades y fallas de la organizaci\u00f3n, as\u00ed como&nbsp;puede reconocer las oportunidades de la empresa o sus fortalezas.<\/p>\n\n\n\n<h4 class=\"wp-block-heading\"><strong>Caracter\u00edsticas de la auditoria administrativa<\/strong><\/h4>\n\n\n\n<ul class=\"wp-block-list\">\n<li>Es un examen interno de la empresa.<\/li>\n\n\n\n<li>Examina los ingresos y egresos de una empresa<\/li>\n\n\n\n<li>Hace un seguimiento de las mejoras planteadas.<\/li>\n\n\n\n<li>eval\u00faa los medios de operaci\u00f3n.<\/li>\n<\/ul>\n\n\n\n<h3 class=\"wp-block-heading\"><strong>Las diferencias en lo que es la auditoria y la consultor\u00eda administrativa.<\/strong><\/h3>\n\n\n\n<p>conozcamos las diferencias que hay entre la auditoria y la consultor\u00eda administrativa:<\/p>\n\n\n\n<figure class=\"wp-block-image aligncenter size-full is-resized\"><img loading=\"lazy\" decoding=\"async\" width=\"275\" height=\"183\" src=\"https:\/\/consultecadm.com.mx\/wp-content\/uploads\/2025\/05\/image-6.png\" alt=\"\" class=\"wp-image-87\" style=\"width:504px;height:auto\"\/><\/figure>\n\n\n\n<ul class=\"wp-block-list\">\n<li>Primeramente, la&nbsp;<strong>auditor\u00eda administrativa<\/strong>&nbsp;se enfoca en detectar los problemas internos de una empresa y puede mostrar sus fortalezas para usarlas a favor.&nbsp;De la misma forma, accede a informaci\u00f3n importante donde arroja los resultados propicios para diagnosticar con exactitud los inconvenientes o los problemas que se encuentren en el \u00e1rea interna de una corporaci\u00f3n.<\/li>\n\n\n\n<li>Por otro lado, lo&nbsp;<strong>que es la consultor\u00eda administrativa<\/strong>&nbsp;se dirige a evaluar constantemente la organizaci\u00f3n y asesorarla para su buen funcionamiento. De este modo, act\u00faa directamente sobre las finanzas, para una evoluci\u00f3n&nbsp;favorable de la misma. Es decir, se centra en brindar m\u00e9todos para mejorar la reducci\u00f3n de costos y potenciar las habilidades de los&nbsp;<strong>recursos humanos<\/strong>.<\/li>\n\n\n\n<li>El objetivo de la auditor\u00eda es certificar que una empresa cumple con&nbsp;las normas de calidad, mientras en la consultor\u00eda&nbsp;sirve para asesorar&nbsp;y a la empresa durante el proceso de desarrollo de las normas.<\/li>\n\n\n\n<li>La consultor\u00eda es realizada por un asesor experto, mientras que la auditor\u00eda por una agencia certificada.<\/li>\n\n\n\n<li>Por lo general, las empresas buscan los servicios de una&nbsp;<strong>consultor\u00eda<\/strong>&nbsp;a fin de&nbsp;lograr la superaci\u00f3n de una&nbsp;<strong>auditor\u00eda<\/strong>.<\/li>\n<\/ul>\n\n\n\n<p>En definitiva, mientras que la consultor\u00eda administrativa nos ofrece un mejor funcionamiento de la empresa, y genera v\u00edas para la evaluaci\u00f3n de la estructura empresarial y explora los m\u00e9todos de control para la eficacia de los recursos humanos; la&nbsp;<strong>auditor\u00eda<\/strong>&nbsp;administrativa comprende un examen a fondo de los desequilibrios y problemas dentro de la corporaci\u00f3n dando un diagn\u00f3stico para poder ejecutar una soluci\u00f3n a tiempo.<\/p>\n","protected":false},"excerpt":{"rendered":"<p>Nosotros Somos una consultor\u00eda administrativa y damos \u00a0asesor\u00eda\u00a0para que una\u00a0empresa\u00a0pueda mejorar sus capacidades y funcionamiento de manera beneficiosa. Esta busca solucionar necesidades o problemas determinados de una empresa, instituci\u00f3n o entidad y mejorar la calidad de\u00a0servicios. En consecuencia, lo\u00a0que es la consultor\u00eda administrativa\u00a0implementa sistemas y m\u00e9todos nuevos para mejorar el\u00a0desarrollo organizacional. Generalmente, las empresas buscan [&hellip;]<\/p>\n","protected":false},"author":1,"featured_media":0,"parent":0,"menu_order":0,"comment_status":"closed","ping_status":"closed","template":"","meta":{"footnotes":""},"class_list":["post-11","page","type-page","status-publish","hentry"],"blocksy_meta":{"has_hero_section":"disabled","styles_descriptor":{"styles":{"desktop":"","tablet":"","mobile":""},"google_fonts":[],"version":6}},"_links":{"self":[{"href":"https:\/\/consultecadm.com.mx\/index.php\/wp-json\/wp\/v2\/pages\/11","targetHints":{"allow":["GET"]}}],"collection":[{"href":"https:\/\/consultecadm.com.mx\/index.php\/wp-json\/wp\/v2\/pages"}],"about":[{"href":"https:\/\/consultecadm.com.mx\/index.php\/wp-json\/wp\/v2\/types\/page"}],"author":[{"embeddable":true,"href":"https:\/\/consultecadm.com.mx\/index.php\/wp-json\/wp\/v2\/users\/1"}],"replies":[{"embeddable":true,"href":"https:\/\/consultecadm.com.mx\/index.php\/wp-json\/wp\/v2\/comments?post=11"}],"version-history":[{"count":7,"href":"https:\/\/consultecadm.com.mx\/index.php\/wp-json\/wp\/v2\/pages\/11\/revisions"}],"predecessor-version":[{"id":91,"href":"https:\/\/consultecadm.com.mx\/index.php\/wp-json\/wp\/v2\/pages\/11\/revisions\/91"}],"wp:attachment":[{"href":"https:\/\/consultecadm.com.mx\/index.php\/wp-json\/wp\/v2\/media?parent=11"}],"curies":[{"name":"wp","href":"https:\/\/api.w.org\/{rel}","templated":true}]}}